{"id":159,"date":"2024-03-27T21:52:59","date_gmt":"2024-03-27T20:52:59","guid":{"rendered":"https:\/\/domotom.info\/?page_id=159"},"modified":"2024-04-23T07:00:48","modified_gmt":"2024-04-23T06:00:48","slug":"brite","status":"publish","type":"page","link":"https:\/\/www.domotom.info\/?page_id=159","title":{"rendered":"La domotique ! Mais c&rsquo;est quoi ?"},"content":{"rendered":"<div class=\"style-492 style-local-159-c1 position-relative\" data-colibri-id=\"159-c1\">\n<div id=\"overlappable\" class=\"h-section h-section-global-spacing d-flex align-items-lg-center align-items-md-center align-items-center style-493 style-local-159-c2 position-relative\" data-colibri-component=\"section\" data-colibri-id=\"159-c2\">\n<div class=\"h-section-grid-container h-section-boxed-container\">\n<div class=\"h-row-container gutters-row-lg-0 gutters-row-md-0 gutters-row-2 gutters-row-v-lg-0 gutters-row-v-md-0 gutters-row-v-2 style-494 style-local-159-c3 position-relative\" data-colibri-id=\"159-c3\">\n<div class=\"h-row justify-content-lg-center justify-content-md-center justify-content-center align-items-lg-stretch align-items-md-stretch align-items-stretch gutters-col-lg-0 gutters-col-md-0 gutters-col-2 gutters-col-v-lg-0 gutters-col-v-md-0 gutters-col-v-2\">\n<div class=\"h-column h-column-container d-flex h-col-lg-3 h-col-md-3 h-col-12 style-495-outer style-local-159-c4-outer\">\n<div class=\"d-flex h-flex-basis h-column__inner h-px-lg-3 h-px-md-3 h-px-2 v-inner-lg-3 v-inner-md-3 v-inner-2 style-495 style-local-159-c4 position-relative\" data-colibri-id=\"159-c4\">\n<div class=\"w-100 h-y-container h-column__content h-column__v-align flex-basis-100 align-self-lg-center align-self-md-center align-self-center\">\n<div class=\"h-icon style-496 style-local-159-c5 position-relative h-element\" data-colibri-id=\"159-c5\"><span class=\"h-svg-icon h-icon__icon style-496-icon style-local-159-c5-icon\"><!--Icon by Icons8 Line Awesome (https:\/\/icons8.com\/line-awesome)--><\/span><\/div>\n<div class=\"h-global-transition-all h-heading style-497 style-local-159-c6 position-relative h-element\" data-colibri-id=\"159-c6\">\n<div class=\"h-heading__outer style-497 style-local-159-c6\">\u00a0<\/div>\n<\/div>\n<\/div>\n<\/div>\n<\/div>\n<\/div>\n<\/div>\n<\/div>\n<\/div>\n<div id=\"about\" class=\"h-section h-section-global-spacing d-flex align-items-lg-center align-items-md-center align-items-center style-500 style-local-159-c16 position-relative\" data-colibri-component=\"section\" data-colibri-id=\"159-c16\">\n<div class=\"h-section-grid-container h-section-boxed-container\">\n<div class=\"h-row-container gutters-row-lg-0 gutters-row-md-0 gutters-row-0 gutters-row-v-lg-0 gutters-row-v-md-0 gutters-row-v-0 style-501 style-local-159-c17 position-relative\" data-colibri-id=\"159-c17\">\n<div class=\"h-row justify-content-lg-center justify-content-md-center justify-content-center align-items-lg-stretch align-items-md-stretch align-items-stretch gutters-col-lg-0 gutters-col-md-0 gutters-col-0 gutters-col-v-lg-0 gutters-col-v-md-0 gutters-col-v-0\">\n<div class=\"h-column h-column-container d-flex h-col-lg-auto h-col-md-auto h-col-auto style-502-outer style-local-159-c18-outer\">\n<div class=\"d-flex h-flex-basis h-column__inner h-px-lg-0 h-px-md-0 h-px-0 v-inner-lg-0 v-inner-md-0 v-inner-0 style-502 style-local-159-c18 position-relative\" data-colibri-id=\"159-c18\">\n<div class=\"w-100 h-y-container h-column__content h-column__v-align flex-basis-100 align-self-lg-start align-self-md-start align-self-start\">\n<div class=\"h-text h-text-component style-505 style-local-159-c20 position-relative h-element\" data-colibri-id=\"159-c20\">\n<div class=\"\">\n<p>La domotique est un domaine technologique qui concerne l&rsquo;automatisation et le contr\u00f4le \u00e0 distance des \u00e9quipements domestiques et des syst\u00e8mes \u00e9lectriques au sein d&rsquo;une maison. Le terme \u00ab\u00a0domotique\u00a0\u00bb est d\u00e9riv\u00e9 de la fusion des mots \u00ab\u00a0domus\u00a0\u00bb (maison en latin) et \u00ab\u00a0informatique\u00a0\u00bb. L&rsquo;objectif principal de la domotique est d&rsquo;am\u00e9liorer le confort, la s\u00e9curit\u00e9, l&rsquo;efficacit\u00e9 \u00e9nerg\u00e9tique et la gestion des ressources dans les habitations en int\u00e9grant divers dispositifs \u00e9lectroniques et informatiques.<\/p>\n<p>Les syst\u00e8mes domotiques peuvent inclure un large \u00e9ventail de fonctionnalit\u00e9s, telles que :<\/p>\n<ul>\n<li>Contr\u00f4le des appareils \u00e9lectrom\u00e9nagers : Par exemple, allumer et \u00e9teindre des lumi\u00e8res, r\u00e9gler la temp\u00e9rature du chauffage ou de la climatisation, ouvrir et fermer des stores ou des volets, etc.<\/li>\n<li>S\u00e9curit\u00e9 : Syst\u00e8mes d&rsquo;alarme, cam\u00e9ras de s\u00e9curit\u00e9, capteurs de mouvement, d\u00e9tecteurs d&rsquo;incendie, etc.<\/li>\n<li>Gestion de l&rsquo;\u00e9nergie : Suivi et contr\u00f4le de la consommation \u00e9nerg\u00e9tique, optimisation des appareils \u00e9lectriques pour \u00e9conomiser de l&rsquo;\u00e9nergie, utilisation de panneaux solaires, etc.<\/li>\n<li>Communication : Int\u00e9gration de syst\u00e8mes de communication pour interagir avec la maison \u00e0 distance, comme des applications mobiles ou des assistants virtuels.<\/li>\n<li>Confort : Int\u00e9gration de syst\u00e8mes audiovisuels, de divertissement et de contr\u00f4le de l&rsquo;environnement pour cr\u00e9er une atmosph\u00e8re confortable dans la maison.<\/li>\n<\/ul>\n<p>En r\u00e9sum\u00e9, la domotique vise \u00e0 rendre les maisons plus intelligentes, en permettant aux habitants de contr\u00f4ler et de surveiller divers aspects de leur environnement domestique de mani\u00e8re automatis\u00e9e et \u00e0 distance.<\/p>\n<\/div>\n<\/div>\n<\/div>\n<\/div>\n<\/div>\n<\/div>\n<\/div>\n<\/div>\n<\/div>\n<\/div>\n\n\n<hr class=\"wp-block-separator has-alpha-channel-opacity\"\/>\n\n\n\n<figure class=\"wp-block-gallery has-nested-images columns-default is-cropped wp-block-gallery-1 is-layout-flex wp-block-gallery-is-layout-flex\">\n<figure class=\"wp-block-image size-large\"><img loading=\"lazy\" decoding=\"async\" width=\"1024\" height=\"1024\" data-id=\"585\" src=\"https:\/\/domotom.info\/wp-content\/uploads\/2024\/03\/1a2a5fbb-5d85-44aa-b4c6-ab6a48f15378.jpg\" alt=\"\" class=\"wp-image-585\" srcset=\"https:\/\/www.domotom.info\/wp-content\/uploads\/2024\/03\/1a2a5fbb-5d85-44aa-b4c6-ab6a48f15378.jpg 1024w, https:\/\/www.domotom.info\/wp-content\/uploads\/2024\/03\/1a2a5fbb-5d85-44aa-b4c6-ab6a48f15378-300x300.jpg 300w, https:\/\/www.domotom.info\/wp-content\/uploads\/2024\/03\/1a2a5fbb-5d85-44aa-b4c6-ab6a48f15378-150x150.jpg 150w, https:\/\/www.domotom.info\/wp-content\/uploads\/2024\/03\/1a2a5fbb-5d85-44aa-b4c6-ab6a48f15378-768x768.jpg 768w\" sizes=\"(max-width: 1024px) 100vw, 1024px\" \/><\/figure>\n\n\n\n<figure class=\"wp-block-image size-large\"><img loading=\"lazy\" decoding=\"async\" width=\"1024\" height=\"638\" data-id=\"471\" src=\"https:\/\/domotom.info\/wp-content\/uploads\/2024\/03\/Kb2vp4-YQymLnaTXXYdk-w-1024x638.png\" alt=\"\" class=\"wp-image-471\" srcset=\"https:\/\/www.domotom.info\/wp-content\/uploads\/2024\/03\/Kb2vp4-YQymLnaTXXYdk-w-1024x638.png 1024w, https:\/\/www.domotom.info\/wp-content\/uploads\/2024\/03\/Kb2vp4-YQymLnaTXXYdk-w-300x187.png 300w, https:\/\/www.domotom.info\/wp-content\/uploads\/2024\/03\/Kb2vp4-YQymLnaTXXYdk-w-768x479.png 768w, https:\/\/www.domotom.info\/wp-content\/uploads\/2024\/03\/Kb2vp4-YQymLnaTXXYdk-w.png 1232w\" sizes=\"(max-width: 1024px) 100vw, 1024px\" \/><\/figure>\n\n\n\n<figure class=\"wp-block-image size-large\"><img loading=\"lazy\" decoding=\"async\" width=\"1024\" height=\"638\" data-id=\"464\" src=\"https:\/\/domotom.info\/wp-content\/uploads\/2024\/03\/eAnKMUNTQT-xfgyN5Sw3vw-1024x638.png\" alt=\"\" class=\"wp-image-464\" srcset=\"https:\/\/www.domotom.info\/wp-content\/uploads\/2024\/03\/eAnKMUNTQT-xfgyN5Sw3vw-1024x638.png 1024w, https:\/\/www.domotom.info\/wp-content\/uploads\/2024\/03\/eAnKMUNTQT-xfgyN5Sw3vw-300x187.png 300w, https:\/\/www.domotom.info\/wp-content\/uploads\/2024\/03\/eAnKMUNTQT-xfgyN5Sw3vw-768x479.png 768w, https:\/\/www.domotom.info\/wp-content\/uploads\/2024\/03\/eAnKMUNTQT-xfgyN5Sw3vw.png 1232w\" sizes=\"(max-width: 1024px) 100vw, 1024px\" \/><\/figure>\n\n\n\n<figure class=\"wp-block-image size-large\"><img loading=\"lazy\" decoding=\"async\" width=\"1024\" height=\"638\" data-id=\"465\" src=\"https:\/\/domotom.info\/wp-content\/uploads\/2024\/03\/YmOlf5rFRAmkvhZBgVFHWA-1024x638.png\" alt=\"\" class=\"wp-image-465\" srcset=\"https:\/\/www.domotom.info\/wp-content\/uploads\/2024\/03\/YmOlf5rFRAmkvhZBgVFHWA-1024x638.png 1024w, https:\/\/www.domotom.info\/wp-content\/uploads\/2024\/03\/YmOlf5rFRAmkvhZBgVFHWA-300x187.png 300w, https:\/\/www.domotom.info\/wp-content\/uploads\/2024\/03\/YmOlf5rFRAmkvhZBgVFHWA-768x479.png 768w, https:\/\/www.domotom.info\/wp-content\/uploads\/2024\/03\/YmOlf5rFRAmkvhZBgVFHWA.png 1232w\" sizes=\"(max-width: 1024px) 100vw, 1024px\" \/><\/figure>\n<\/figure>\n\n\n\n<hr class=\"wp-block-separator has-alpha-channel-opacity\"\/>\n\n\n\n<div class=\"wp-block-media-text is-stacked-on-mobile\"><figure class=\"wp-block-media-text__media\"><img loading=\"lazy\" decoding=\"async\" width=\"1022\" height=\"518\" src=\"http:\/\/domotom.info\/wp-content\/uploads\/2024\/03\/cropped-OIG3-1.jpg\" alt=\"\" class=\"wp-image-594 size-full\" srcset=\"https:\/\/www.domotom.info\/wp-content\/uploads\/2024\/03\/cropped-OIG3-1.jpg 1022w, https:\/\/www.domotom.info\/wp-content\/uploads\/2024\/03\/cropped-OIG3-1-300x152.jpg 300w, https:\/\/www.domotom.info\/wp-content\/uploads\/2024\/03\/cropped-OIG3-1-768x389.jpg 768w\" sizes=\"(max-width: 1022px) 100vw, 1022px\" \/><\/figure><div class=\"wp-block-media-text__content\">\n<h3 class=\"wp-block-heading\">La domotique en quelques mots&#8230;<\/h3>\n\n\n\n<p>La domotique vise \u00e0 rendre les maisons plus intelligentes, plus efficaces, plus s\u00fbres et plus confortables gr\u00e2ce \u00e0 l&rsquo;automatisation, au contr\u00f4le \u00e0 distance et \u00e0 l&rsquo;int\u00e9gration de divers syst\u00e8mes et appareils au sein d&rsquo;un r\u00e9seau interconnect\u00e9.<\/p>\n<\/div><\/div>\n","protected":false},"excerpt":{"rendered":"<p>La domotique est un domaine technologique qui concerne l\u2019automatisation et le contr\u00f4le \u00e0 distance des \u00e9quipements domestiques et des syst\u00e8mes \u00e9lectriques au sein d\u2019une maison. Le terme \u00ab domotique \u00bb est d\u00e9riv\u00e9 de la fusion des mots \u00ab domus \u00bb (maison en latin) et \u00ab informatique \u00bb. L\u2019objectif principal de la domotique est d\u2019am\u00e9liorer le confort, la s\u00e9curit\u00e9, l\u2019efficacit\u00e9 \u00e9nerg\u00e9tique et la gestion des ressources dans les habitations en int\u00e9grant divers dispositifs \u00e9lectroniques et informatiques.<\/p>\n","protected":false},"author":1,"featured_media":0,"parent":0,"menu_order":0,"comment_status":"closed","ping_status":"closed","template":"","meta":{"footnotes":""},"class_list":["post-159","page","type-page","status-publish","hentry"],"_links":{"self":[{"href":"https:\/\/www.domotom.info\/index.php?rest_route=\/wp\/v2\/pages\/159"}],"collection":[{"href":"https:\/\/www.domotom.info\/index.php?rest_route=\/wp\/v2\/pages"}],"about":[{"href":"https:\/\/www.domotom.info\/index.php?rest_route=\/wp\/v2\/types\/page"}],"author":[{"embeddable":true,"href":"https:\/\/www.domotom.info\/index.php?rest_route=\/wp\/v2\/users\/1"}],"replies":[{"embeddable":true,"href":"https:\/\/www.domotom.info\/index.php?rest_route=%2Fwp%2Fv2%2Fcomments&post=159"}],"version-history":[{"count":32,"href":"https:\/\/www.domotom.info\/index.php?rest_route=\/wp\/v2\/pages\/159\/revisions"}],"predecessor-version":[{"id":1541,"href":"https:\/\/www.domotom.info\/index.php?rest_route=\/wp\/v2\/pages\/159\/revisions\/1541"}],"wp:attachment":[{"href":"https:\/\/www.domotom.info\/index.php?rest_route=%2Fwp%2Fv2%2Fmedia&parent=159"}],"curies":[{"name":"wp","href":"https:\/\/api.w.org\/{rel}","templated":true}]}}