{"id":23,"date":"2016-02-12T08:12:49","date_gmt":"2016-02-12T08:12:49","guid":{"rendered":"http:\/\/demos.famethemes.com\/onepress\/?page_id=23"},"modified":"2024-04-20T22:55:52","modified_gmt":"2024-04-20T21:55:52","slug":"service-title-1","status":"publish","type":"page","link":"https:\/\/www.domotom.info\/?page_id=23","title":{"rendered":"#1 Besoins et Objectifs"},"content":{"rendered":"<p><strong>Comprendre vos besoins et objectifs :<\/strong><\/p>\n<p>Avant de vous lancer dans l&rsquo;achat de dispositifs domotiques, r\u00e9fl\u00e9chissez \u00e0 ce que vous souhaitez accomplir. Voulez-vous automatiser l&rsquo;\u00e9clairage, la s\u00e9curit\u00e9, le chauffage, ou d&rsquo;autres aspects de votre maison ? D\u00e9finissez vos priorit\u00e9s et objectifs pour orienter vos choix.<\/p>\n\n\n<figure class=\"wp-block-image size-large\"><img loading=\"lazy\" decoding=\"async\" width=\"1024\" height=\"638\" src=\"https:\/\/domotom.info\/wp-content\/uploads\/2024\/04\/Besoins_et_objectifs-1024x638.png\" alt=\"\" class=\"wp-image-1477\" srcset=\"https:\/\/www.domotom.info\/wp-content\/uploads\/2024\/04\/Besoins_et_objectifs-1024x638.png 1024w, https:\/\/www.domotom.info\/wp-content\/uploads\/2024\/04\/Besoins_et_objectifs-300x187.png 300w, https:\/\/www.domotom.info\/wp-content\/uploads\/2024\/04\/Besoins_et_objectifs-768x479.png 768w, https:\/\/www.domotom.info\/wp-content\/uploads\/2024\/04\/Besoins_et_objectifs-480x300.png 480w, https:\/\/www.domotom.info\/wp-content\/uploads\/2024\/04\/Besoins_et_objectifs-640x400.png 640w, https:\/\/www.domotom.info\/wp-content\/uploads\/2024\/04\/Besoins_et_objectifs.png 1232w\" sizes=\"(max-width: 1024px) 100vw, 1024px\" \/><\/figure>\n","protected":false},"excerpt":{"rendered":"<p>Avant de vous lancer dans l&rsquo;achat de dispositifs domotiques, r\u00e9fl\u00e9chissez \u00e0 ce que vous souhaitez accomplir. Voulez-vous automatiser l&rsquo;\u00e9clairage&#8230;<\/p>\n","protected":false},"author":1,"featured_media":0,"parent":0,"menu_order":0,"comment_status":"closed","ping_status":"closed","template":"","meta":{"footnotes":""},"class_list":["post-23","page","type-page","status-publish","hentry"],"_links":{"self":[{"href":"https:\/\/www.domotom.info\/index.php?rest_route=\/wp\/v2\/pages\/23"}],"collection":[{"href":"https:\/\/www.domotom.info\/index.php?rest_route=\/wp\/v2\/pages"}],"about":[{"href":"https:\/\/www.domotom.info\/index.php?rest_route=\/wp\/v2\/types\/page"}],"author":[{"embeddable":true,"href":"https:\/\/www.domotom.info\/index.php?rest_route=\/wp\/v2\/users\/1"}],"replies":[{"embeddable":true,"href":"https:\/\/www.domotom.info\/index.php?rest_route=%2Fwp%2Fv2%2Fcomments&post=23"}],"version-history":[{"count":6,"href":"https:\/\/www.domotom.info\/index.php?rest_route=\/wp\/v2\/pages\/23\/revisions"}],"predecessor-version":[{"id":1500,"href":"https:\/\/www.domotom.info\/index.php?rest_route=\/wp\/v2\/pages\/23\/revisions\/1500"}],"wp:attachment":[{"href":"https:\/\/www.domotom.info\/index.php?rest_route=%2Fwp%2Fv2%2Fmedia&parent=23"}],"curies":[{"name":"wp","href":"https:\/\/api.w.org\/{rel}","templated":true}]}}