{"id":25,"date":"2016-02-12T08:13:22","date_gmt":"2016-02-12T08:13:22","guid":{"rendered":"http:\/\/demos.famethemes.com\/onepress\/?page_id=25"},"modified":"2024-04-20T22:58:22","modified_gmt":"2024-04-20T21:58:22","slug":"service-title-3","status":"publish","type":"page","link":"https:\/\/www.domotom.info\/?page_id=25","title":{"rendered":"#3 Hub Domotique"},"content":{"rendered":"<p><strong>Choisissez un hub domotique :<\/strong><\/p>\n<p>Un hub domotique est un dispositif central qui permet de contr\u00f4ler et de coordonner diff\u00e9rents appareils domotiques depuis une seule interface. Il existe de nombreuses options sur le march\u00e9, comme SmartThings de Samsung, HomeKit d&rsquo;Apple, ou encore Hubitat. Choisissez celui qui correspond le mieux \u00e0 vos besoins et \u00e0 vos appareils pr\u00e9f\u00e9r\u00e9s.<\/p>\n\n\n<figure class=\"wp-block-image size-large\"><img loading=\"lazy\" decoding=\"async\" width=\"1024\" height=\"638\" src=\"https:\/\/domotom.info\/wp-content\/uploads\/2024\/04\/quel_hub_choisir-1024x638.png\" alt=\"\" class=\"wp-image-1471\" srcset=\"https:\/\/www.domotom.info\/wp-content\/uploads\/2024\/04\/quel_hub_choisir-1024x638.png 1024w, https:\/\/www.domotom.info\/wp-content\/uploads\/2024\/04\/quel_hub_choisir-300x187.png 300w, https:\/\/www.domotom.info\/wp-content\/uploads\/2024\/04\/quel_hub_choisir-768x479.png 768w, https:\/\/www.domotom.info\/wp-content\/uploads\/2024\/04\/quel_hub_choisir-480x300.png 480w, https:\/\/www.domotom.info\/wp-content\/uploads\/2024\/04\/quel_hub_choisir-640x400.png 640w, https:\/\/www.domotom.info\/wp-content\/uploads\/2024\/04\/quel_hub_choisir.png 1232w\" sizes=\"(max-width: 1024px) 100vw, 1024px\" \/><\/figure>\n\n\n\n<div class=\"wp-block-buttons alignwide is-content-justification-center is-layout-flex wp-container-core-buttons-is-layout-1 wp-block-buttons-is-layout-flex\">\n<div class=\"wp-block-button is-style-outline is-style-outline--7253b17761ae5998ce603ab7c95262f6\"><a class=\"wp-block-button__link has-text-align-left wp-element-button\" href=\"https:\/\/domotom.info\"><strong>Home<\/strong><\/a><\/div>\n<\/div>\n","protected":false},"excerpt":{"rendered":"<p>Un hub domotique est un dispositif central qui permet de contr\u00f4ler et de coordonner diff\u00e9rents appareils&#8230;<\/p>\n","protected":false},"author":1,"featured_media":0,"parent":0,"menu_order":0,"comment_status":"closed","ping_status":"closed","template":"","meta":{"footnotes":""},"class_list":["post-25","page","type-page","status-publish","hentry"],"_links":{"self":[{"href":"https:\/\/www.domotom.info\/index.php?rest_route=\/wp\/v2\/pages\/25"}],"collection":[{"href":"https:\/\/www.domotom.info\/index.php?rest_route=\/wp\/v2\/pages"}],"about":[{"href":"https:\/\/www.domotom.info\/index.php?rest_route=\/wp\/v2\/types\/page"}],"author":[{"embeddable":true,"href":"https:\/\/www.domotom.info\/index.php?rest_route=\/wp\/v2\/users\/1"}],"replies":[{"embeddable":true,"href":"https:\/\/www.domotom.info\/index.php?rest_route=%2Fwp%2Fv2%2Fcomments&post=25"}],"version-history":[{"count":5,"href":"https:\/\/www.domotom.info\/index.php?rest_route=\/wp\/v2\/pages\/25\/revisions"}],"predecessor-version":[{"id":1502,"href":"https:\/\/www.domotom.info\/index.php?rest_route=\/wp\/v2\/pages\/25\/revisions\/1502"}],"wp:attachment":[{"href":"https:\/\/www.domotom.info\/index.php?rest_route=%2Fwp%2Fv2%2Fmedia&parent=25"}],"curies":[{"name":"wp","href":"https:\/\/api.w.org\/{rel}","templated":true}]}}